{"id":198,"date":"2017-12-15T08:34:06","date_gmt":"2017-12-15T01:34:06","guid":{"rendered":"http:\/\/cuong.raothue.com\/star\/?post_type=product&#038;p=198"},"modified":"2018-03-14T09:14:49","modified_gmt":"2018-03-14T02:14:49","slug":"che-tan-cuong-moc-cau-dac-biet","status":"publish","type":"product","link":"https:\/\/c475-vinsaf.com-vn.net\/?product=che-tan-cuong-moc-cau-dac-biet","title":{"rendered":"Ch\u00e8 T\u00e2n C\u01b0\u01a1ng m\u00f3c c\u00e2u \u0111\u1eb7c bi\u1ec7t"},"content":{"rendered":"<p>Theo nh\u00e0 ch\u1ee9c tr\u00e1ch, \u00f4ng Th\u0103ng li\u00ean quan \u0111\u1ebfn hai v\u1ee5 \u00e1n kinh t\u1ebf nghi\u00eam tr\u1ecdng m\u00e0 c\u01a1 quan c\u00f4ng an \u0111ang \u0111i\u1ec1u tra. \u0110\u00f3 l\u00e0 v\u1ee5 \u00e1n c\u1ed1 \u00fd l\u00e0m tr\u00e1i quy \u0111\u1ecbnh c\u1ee7a Nh\u00e0 n\u01b0\u1edbc v\u1ec1 qu\u1ea3n l\u00fd kinh t\u1ebf g\u00e2y h\u1eadu qu\u1ea3 nghi\u00eam tr\u1ecdng, l\u1ea1m d\u1ee5ng ch\u1ee9c v\u1ee5, quy\u1ec1n h\u1ea1n chi\u1ebfm \u0111o\u1ea1t t\u00e0i s\u1ea3n, g\u00e2y thi\u1ec7t h\u1ea1i 800 t\u1ef7 \u0111\u1ed3ng trong vi\u1ec7c g\u00f3p v\u1ed1n c\u1ee7a T\u1eadp \u0111o\u00e0n d\u1ea7u kh\u00ed qu\u1ed1c gia Vi\u1ec7t Nam (PVN) v\u00e0o Ng\u00e2n h\u00e0ng Th\u01b0\u01a1ng m\u1ea1i C\u1ed5 ph\u1ea7n \u0110\u1ea1i D\u01b0\u01a1ng (OceanBank) v\u00e0 v\u1ee5 \u00e1n c\u1ed1 \u00fd l\u00e0m tr\u00e1i quy \u0111\u1ecbnh c\u1ee7a Nh\u00e0 n\u01b0\u1edbc v\u1ec1 qu\u1ea3n l\u00fd kinh t\u1ebf g\u00e2y h\u1eadu qu\u1ea3 nghi\u00eam tr\u1ecdng, Tham \u00f4 t\u00e0i s\u1ea3n x\u1ea3y ra t\u1ea1i T\u1ed5ng C\u00f4ng ty X\u00e2y l\u1eafp d\u1ea7u kh\u00ed (PVC) v\u00e0 D\u1ef1 \u00e1n Nh\u00e0 m\u00e1y Nhi\u1ec7t \u0111i\u1ec7n Th\u00e1i B\u00ecnh II.<\/p>\n<p><img loading=\"lazy\" class=\"aligncenter size-medium wp-image-208\" src=\"http:\/\/khomaudepraothue.com\/vinsaf\/wp-content\/uploads\/2018\/01\/2-274x300.png\" alt=\"\" width=\"274\" height=\"300\" srcset=\"https:\/\/c475-vinsaf.com-vn.net\/wp-content\/uploads\/2018\/01\/2-274x300.png 274w, https:\/\/c475-vinsaf.com-vn.net\/wp-content\/uploads\/2018\/01\/2-165x180.png 165w, https:\/\/c475-vinsaf.com-vn.net\/wp-content\/uploads\/2018\/01\/2-549x600.png 549w, https:\/\/c475-vinsaf.com-vn.net\/wp-content\/uploads\/2018\/01\/2.png 600w\" sizes=\"(max-width: 274px) 100vw, 274px\" \/><\/p>\n<p>N\u0103m 2006-2011, \u00f4ng Th\u0103ng l\u00e0m B\u00ed th\u01b0 Ban c\u00e1n s\u1ef1 \u0111\u1ea3ng, Ch\u1ee7 t\u1ecbch H\u1ed9i \u0111\u1ed3ng qu\u1ea3n tr\u1ecb PVN r\u1ed3i B\u00ed th\u01b0 \u0110\u1ea3ng \u1ee7y, Ch\u1ee7 t\u1ecbch H\u1ed9i \u0111\u1ed3ng th\u00e0nh vi\u00ean. \u00d4ng sau \u0111\u00f3 l\u00e0m B\u1ed9 tr\u01b0\u1edfng Giao th\u00f4ng V\u1eadn t\u1ea3i, nhi\u1ec7m k\u1ef3 2011-2016. H\u1ed3i th\u00e1ng 5, \u00f4ng b\u1ecb c\u00e1ch ch\u1ee9c \u1ee6y vi\u00ean B\u1ed9 Ch\u00ednh tr\u1ecb, \u0111\u1ed3ng th\u1eddi ph\u1ea3i r\u1eddi gh\u1ebf B\u00ed th\u01b0 Th\u00e0nh \u1ee7y TP HCM, \u0111\u01b0\u1ee3c \u0111i\u1ec1u chuy\u1ec3n l\u00e0m Ph\u00f3 ban Kinh t\u1ebf Trung \u01b0\u01a1ng.<\/p>\n","protected":false},"excerpt":{"rendered":"<p>Theo nh\u00e0 ch\u1ee9c tr\u00e1ch, \u00f4ng Th\u0103ng li\u00ean quan \u0111\u1ebfn hai v\u1ee5 \u00e1n kinh t\u1ebf nghi\u00eam tr\u1ecdng m\u00e0 c\u01a1 quan c\u00f4ng an \u0111ang \u0111i\u1ec1u tra. \u0110\u00f3 l\u00e0 v\u1ee5 \u00e1n c\u1ed1 \u00fd l\u00e0m tr\u00e1i quy \u0111\u1ecbnh c\u1ee7a Nh\u00e0 n\u01b0\u1edbc v\u1ec1 qu\u1ea3n l\u00fd kinh t\u1ebf g\u00e2y h\u1eadu qu\u1ea3 nghi\u00eam tr\u1ecdng, l\u1ea1m d\u1ee5ng ch\u1ee9c v\u1ee5, quy\u1ec1n h\u1ea1n chi\u1ebfm \u0111o\u1ea1t t\u00e0i s\u1ea3n, g\u00e2y thi\u1ec7t h\u1ea1i 800 t\u1ef7 \u0111\u1ed3ng trong vi\u1ec7c<\/p>\n","protected":false},"featured_media":203,"comment_status":"open","ping_status":"closed","template":"","meta":[],"_links":{"self":[{"href":"https:\/\/c475-vinsaf.com-vn.net\/index.php?rest_route=\/wp\/v2\/product\/198"}],"collection":[{"href":"https:\/\/c475-vinsaf.com-vn.net\/index.php?rest_route=\/wp\/v2\/product"}],"about":[{"href":"https:\/\/c475-vinsaf.com-vn.net\/index.php?rest_route=\/wp\/v2\/types\/product"}],"replies":[{"embeddable":true,"href":"https:\/\/c475-vinsaf.com-vn.net\/index.php?rest_route=%2Fwp%2Fv2%2Fcomments&post=198"}],"wp:featuredmedia":[{"embeddable":true,"href":"https:\/\/c475-vinsaf.com-vn.net\/index.php?rest_route=\/wp\/v2\/media\/203"}],"wp:attachment":[{"href":"https:\/\/c475-vinsaf.com-vn.net\/index.php?rest_route=%2Fwp%2Fv2%2Fmedia&parent=198"}],"curies":[{"name":"wp","href":"https:\/\/api.w.org\/{rel}","templated":true}]}}